{"id":13,"date":"2014-11-18T05:32:36","date_gmt":"2014-11-18T05:32:36","guid":{"rendered":"http:\/\/www.dinamicafiscal.com\/?page_id=13"},"modified":"2016-06-13T21:41:10","modified_gmt":"2016-06-13T21:41:10","slug":"quienes-somos","status":"publish","type":"page","link":"https:\/\/www.dinamicafiscal.com\/?page_id=13","title":{"rendered":"Quienes Somos?"},"content":{"rendered":"<p>Somos una empresa dedicada a la asesor\u00eda en Sistemas, especialistas en la familia de <strong>CONTPAQi\u00ae.<\/strong><\/p>\n<p>Iniciamos operaciones como Din\u00e1mica Fiscal Y Asesor\u00eda en Software Especializado el 01 de Noviembre del 2013. Adem\u00e1s de proveer consultor\u00eda y asesor\u00eda necesaria para la implementaci\u00f3n de sistemas, brindamos mantenimiento y soporte en Hardware,.<\/p>\n<p>Nuestra amplia experiencia en el mercado de las peque\u00f1as y medianas empresas nos permite ofrecerle un servicio profesional, de calidad y sobre todo: Integral.<br \/>\nSiendo de vital importancia las telecomunicaciones en las empresas, disponemos de una grandiosa gama de productos y servicios.<br \/>\nEn Din\u00e1mica Fiscal te ofrecemos, soluciones integrales para tu negocio!.<\/p>\n<p><strong>Misi\u00f3n<\/strong><br \/>\nBrindar ideas innovadoras e integrales a las necesidades de nuestros clientes, con un alto grado de profesionalismo, con la m\u00e1s alta tecnolog\u00eda y calidad de nuestros servicios respaldados por una organizaci\u00f3n con vocaci\u00f3n de servicio.<\/p>\n<p><strong>Visi\u00f3n<\/strong><br \/>\nExpandir nuestras soluciones de tecnolog\u00eda de la informaci\u00f3n en puntos estrat\u00e9gicos a nivel nacional y formar parte del m\u00e1s alto nivel de calidad de servicios de todos los que colaboran, directa e indirectamente en Dinamica Fiscal, junto con las mejores compa\u00f1\u00edas para el desarrollo y bienestar, principalmente de nuestra gente y posteriormente la de nuestro pa\u00eds.<\/p>\n<p>&nbsp;<\/p>\n","protected":false},"excerpt":{"rendered":"<p>Somos una empresa dedicada a la asesor\u00eda en Sistemas, especialistas en la familia de CONTPAQi\u00ae. Iniciamos operaciones como Din\u00e1mica Fiscal Y Asesor\u00eda en Software Especializado el 01 de Noviembre del 2013. Adem\u00e1s de proveer consultor\u00eda y asesor\u00eda necesaria para la&hellip; <\/p>\n","protected":false},"author":1,"featured_media":0,"parent":0,"menu_order":2,"comment_status":"closed","ping_status":"closed","template":"","meta":{"footnotes":""},"class_list":["post-13","page","type-page","status-publish","hentry"],"_links":{"self":[{"href":"https:\/\/www.dinamicafiscal.com\/index.php?rest_route=\/wp\/v2\/pages\/13","targetHints":{"allow":["GET"]}}],"collection":[{"href":"https:\/\/www.dinamicafiscal.com\/index.php?rest_route=\/wp\/v2\/pages"}],"about":[{"href":"https:\/\/www.dinamicafiscal.com\/index.php?rest_route=\/wp\/v2\/types\/page"}],"author":[{"embeddable":true,"href":"https:\/\/www.dinamicafiscal.com\/index.php?rest_route=\/wp\/v2\/users\/1"}],"replies":[{"embeddable":true,"href":"https:\/\/www.dinamicafiscal.com\/index.php?rest_route=%2Fwp%2Fv2%2Fcomments&post=13"}],"version-history":[{"count":5,"href":"https:\/\/www.dinamicafiscal.com\/index.php?rest_route=\/wp\/v2\/pages\/13\/revisions"}],"predecessor-version":[{"id":88,"href":"https:\/\/www.dinamicafiscal.com\/index.php?rest_route=\/wp\/v2\/pages\/13\/revisions\/88"}],"wp:attachment":[{"href":"https:\/\/www.dinamicafiscal.com\/index.php?rest_route=%2Fwp%2Fv2%2Fmedia&parent=13"}],"curies":[{"name":"wp","href":"https:\/\/api.w.org\/{rel}","templated":true}]}}