{"id":17,"date":"2014-11-18T05:32:50","date_gmt":"2014-11-18T05:32:50","guid":{"rendered":"http:\/\/www.dinamicafiscal.com\/?page_id=17"},"modified":"2014-11-19T06:32:38","modified_gmt":"2014-11-19T06:32:38","slug":"servicios","status":"publish","type":"page","link":"https:\/\/www.dinamicafiscal.com\/?page_id=17","title":{"rendered":"Servicios Y Productos"},"content":{"rendered":"<ul>\n<li><strong>Asesor\u00eda en Sistemas ContPaqi <\/strong>(Manejo de Sistema tales como Nominas en CFDi, Facturaci\u00f3n Electr\u00f3nica, Contabilidad, Bancos, AdminPaq)<\/li>\n<li><strong>Soporte T\u00e9cnico<\/strong> (Correcci\u00f3n de Errores De Sistemas ContPaqi)<\/li>\n<li><strong>Instalaciones<\/strong> (De Sistemas ContPaqi en Servidores y\/o Terminales)<\/li>\n<li><strong>Revocaciones<\/strong> (De Licencia para brindar mantenimiento a los equipos)<\/li>\n<li><strong>Consultor\u00eda<\/strong> (Optimizaci\u00f3n de Procesos)<\/li>\n<li><strong>Mantenimiento de Computadoras<\/strong> (Formateos, Mantenimiento preventivo, Respaldos)<\/li>\n<li><strong>Configuraciones<\/strong> (Empresas en CFDI en Nominas y Facturaci\u00f3n) (Correo en Outlook)<\/li>\n<li><strong>Modificaci\u00f3n y\/o Creaci\u00f3n de Formatos de Factura. <\/strong>(La representaci\u00f3n impresa de tu PDF)<\/li>\n<li><strong>Interfaces de Sistemas ContPaqi <\/strong>(Evita doble captura)<\/li>\n<li><strong>Actualizaciones de Sistemas ContPaqi <\/strong>(Actualizaciones Menores y Mayores si ya tienes tu Sistema)<\/li>\n<li><strong>Venta de Sistemas ContPaqi <\/strong>(Factura Electr\u00f3nica, AdminPaq, Contabilidad, Bancos y Nominas)<\/li>\n<\/ul>\n<p><a href=\"http:\/\/www.dinamicafiscal.com\/wp-content\/uploads\/2014\/11\/cajas_contpaqi.png\"><img loading=\"lazy\" decoding=\"async\" class=\"aligncenter size-full wp-image-57\" src=\"http:\/\/www.dinamicafiscal.com\/wp-content\/uploads\/2014\/11\/cajas_contpaqi.png\" alt=\"cajas_contpaqi\" width=\"454\" height=\"292\" srcset=\"https:\/\/www.dinamicafiscal.com\/wp-content\/uploads\/2014\/11\/cajas_contpaqi.png 454w, https:\/\/www.dinamicafiscal.com\/wp-content\/uploads\/2014\/11\/cajas_contpaqi-300x192.png 300w\" sizes=\"auto, (max-width: 454px) 100vw, 454px\" \/><\/a><\/p>\n","protected":false},"excerpt":{"rendered":"<p>Asesor\u00eda en Sistemas ContPaqi (Manejo de Sistema tales como Nominas en CFDi, Facturaci\u00f3n Electr\u00f3nica, Contabilidad, Bancos, AdminPaq) Soporte T\u00e9cnico (Correcci\u00f3n de Errores De Sistemas ContPaqi) Instalaciones (De Sistemas ContPaqi en Servidores y\/o Terminales) Revocaciones (De Licencia para brindar mantenimiento a&hellip; <\/p>\n","protected":false},"author":1,"featured_media":0,"parent":0,"menu_order":3,"comment_status":"closed","ping_status":"closed","template":"","meta":{"footnotes":""},"class_list":["post-17","page","type-page","status-publish","hentry"],"_links":{"self":[{"href":"https:\/\/www.dinamicafiscal.com\/index.php?rest_route=\/wp\/v2\/pages\/17","targetHints":{"allow":["GET"]}}],"collection":[{"href":"https:\/\/www.dinamicafiscal.com\/index.php?rest_route=\/wp\/v2\/pages"}],"about":[{"href":"https:\/\/www.dinamicafiscal.com\/index.php?rest_route=\/wp\/v2\/types\/page"}],"author":[{"embeddable":true,"href":"https:\/\/www.dinamicafiscal.com\/index.php?rest_route=\/wp\/v2\/users\/1"}],"replies":[{"embeddable":true,"href":"https:\/\/www.dinamicafiscal.com\/index.php?rest_route=%2Fwp%2Fv2%2Fcomments&post=17"}],"version-history":[{"count":4,"href":"https:\/\/www.dinamicafiscal.com\/index.php?rest_route=\/wp\/v2\/pages\/17\/revisions"}],"predecessor-version":[{"id":58,"href":"https:\/\/www.dinamicafiscal.com\/index.php?rest_route=\/wp\/v2\/pages\/17\/revisions\/58"}],"wp:attachment":[{"href":"https:\/\/www.dinamicafiscal.com\/index.php?rest_route=%2Fwp%2Fv2%2Fmedia&parent=17"}],"curies":[{"name":"wp","href":"https:\/\/api.w.org\/{rel}","templated":true}]}}