{"id":32,"date":"2014-11-18T19:24:22","date_gmt":"2014-11-18T19:24:22","guid":{"rendered":"http:\/\/www.dinamicafiscal.com\/?page_id=32"},"modified":"2024-11-24T21:28:33","modified_gmt":"2024-11-24T21:28:33","slug":"inicio","status":"publish","type":"page","link":"https:\/\/www.dinamicafiscal.com\/","title":{"rendered":"ContPaqi Eval\u00faa"},"content":{"rendered":"<h1>\u00bfQu\u00e9 es la NOM-035?<\/h1>\n<div>\n<p><a class=\"_58cn\" href=\"https:\/\/www.facebook.com\/hashtag\/dinamicafiscal?source=feed_text&amp;story_id=958576114306967\" data-ft=\"{&quot;tn&quot;:&quot;*N&quot;,&quot;type&quot;:104}\"><span class=\"_5afx\"><span class=\"_58cl _5afz\">#<\/span><span class=\"_58cm\">DinamicaFiscal<\/span><\/span><\/a> te recuerda:<\/p>\n<p>La <strong>NOM-035-STPS-2018<\/strong> fue emitida por la <strong>Secretar\u00eda del Trabajo y Previsi\u00f3n Social (STPS)<\/strong> de M\u00e9xico y entr\u00f3 en vigor en octubre de 2019. Su objetivo principal es regular las condiciones de trabajo que puedan afectar la salud mental y emocional de los trabajadores. La norma se centra en identificar los factores de riesgo psicosocial en los lugares de trabajo y proporcionar pautas para prevenirlos o mitigarlos.<\/p>\n<\/div>\n<h3>Implementaci\u00f3n y sectores que deben cumplirla:<\/h3>\n<p>La NOM-035 se aplica a todos los centros de trabajo, independientemente de su tama\u00f1o, aunque la forma de implementaci\u00f3n puede variar seg\u00fan el n\u00famero de empleados y la naturaleza de la actividad. Las empresas m\u00e1s grandes pueden tener que implementar medidas m\u00e1s espec\u00edficas o realizar evaluaciones m\u00e1s detalladas.<\/p>\n<p>Te invitamos a que est\u00e9s al pendientes de los diferentes cursos y talleres que tenemos para ti este mes de Diciembre 2024!<\/p>\n<div>\n<div class=\"text_exposed_show\">\n<p>Si tienes dudas, comun\u00edcate con nosotros, estamos para ayudarte!<\/p>\n<\/div>\n<\/div>\n<div style=\"text-align: left;\">Si gustas mantenerte informado, puedes seguirnos en nuestras Redes Sociales,<\/div>\n<div>las cuales est\u00e1n en la esquina superior derecha de esta p\u00e1gina, o en nuestro canal de YouTube.<\/div>\n<div>\u00a0<\/div>\n<div>y recuerda que&#8230;<\/div>\n<div>\n<div>En\u00a0<a href=\"https:\/\/www.facebook.com\/hashtag\/dinamicafiscal\" data-ft=\"{&quot;tn&quot;:&quot;*N&quot;,&quot;type&quot;:104}\">#DinamicaFiscal<\/a>\u00a0te ofrecemos, soluciones integrales para tu negocio!<\/div>\n<div>Comun\u00edcate con nosotros!<\/div>\n<div>Tels. 81-21-27-43-94 y 81-21-27-41-55<\/div>\n<div>Correo: contacto@dinamicafiscal.com<\/div>\n<\/div>\n<div>\u00a0<\/div>\n<div>\n<p><iframe loading=\"lazy\" title=\"CONTPAQi Evalua035\" width=\"700\" height=\"394\" src=\"https:\/\/www.youtube.com\/embed\/q4SdBXN8iCk?feature=oembed\" frameborder=\"0\" allow=\"accelerometer; autoplay; clipboard-write; encrypted-media; gyroscope; picture-in-picture; web-share\" referrerpolicy=\"strict-origin-when-cross-origin\" allowfullscreen><\/iframe><\/p>\n<\/div>\n<div>\n<div>\u00a0<\/div>\n<div>\u00a0<\/div>\n<div>\u00a0<\/div>\n<div>\u00a0<\/div>\n<\/div>\n\n\n<p><\/p>\n","protected":false},"excerpt":{"rendered":"<p>\u00bfQu\u00e9 es la NOM-035? #DinamicaFiscal te recuerda: La NOM-035-STPS-2018 fue emitida por la Secretar\u00eda del Trabajo y Previsi\u00f3n Social (STPS) de M\u00e9xico y entr\u00f3 en vigor en octubre de 2019. Su objetivo principal es regular las condiciones de trabajo que&hellip; <\/p>\n","protected":false},"author":1,"featured_media":0,"parent":0,"menu_order":1,"comment_status":"closed","ping_status":"closed","template":"","meta":{"footnotes":""},"class_list":["post-32","page","type-page","status-publish","hentry"],"_links":{"self":[{"href":"https:\/\/www.dinamicafiscal.com\/index.php?rest_route=\/wp\/v2\/pages\/32","targetHints":{"allow":["GET"]}}],"collection":[{"href":"https:\/\/www.dinamicafiscal.com\/index.php?rest_route=\/wp\/v2\/pages"}],"about":[{"href":"https:\/\/www.dinamicafiscal.com\/index.php?rest_route=\/wp\/v2\/types\/page"}],"author":[{"embeddable":true,"href":"https:\/\/www.dinamicafiscal.com\/index.php?rest_route=\/wp\/v2\/users\/1"}],"replies":[{"embeddable":true,"href":"https:\/\/www.dinamicafiscal.com\/index.php?rest_route=%2Fwp%2Fv2%2Fcomments&post=32"}],"version-history":[{"count":20,"href":"https:\/\/www.dinamicafiscal.com\/index.php?rest_route=\/wp\/v2\/pages\/32\/revisions"}],"predecessor-version":[{"id":168,"href":"https:\/\/www.dinamicafiscal.com\/index.php?rest_route=\/wp\/v2\/pages\/32\/revisions\/168"}],"wp:attachment":[{"href":"https:\/\/www.dinamicafiscal.com\/index.php?rest_route=%2Fwp%2Fv2%2Fmedia&parent=32"}],"curies":[{"name":"wp","href":"https:\/\/api.w.org\/{rel}","templated":true}]}}