{"id":46,"date":"2014-11-19T06:01:00","date_gmt":"2014-11-19T06:01:00","guid":{"rendered":"http:\/\/www.dinamicafiscal.com\/?page_id=46"},"modified":"2014-11-19T06:15:36","modified_gmt":"2014-11-19T06:15:36","slug":"aviso-de-privacidad","status":"publish","type":"page","link":"https:\/\/www.dinamicafiscal.com\/?page_id=46","title":{"rendered":"Aviso de Privacidad"},"content":{"rendered":"<p><strong>Aviso de Privacidad<\/strong><br \/>\nCon fundamento en los art\u00edculos 15 y 16 de la Ley Federal de Protecci\u00f3n de Datos Personales en Posesi\u00f3n de Particulares hacemos de su conocimiento que DINAMICA FISCAL Y ASESORIA EN SOFTWARE ESPECIALIZADO, S. DE R.L. con domicilio en Itsmo 3353 Colonia Riberas del Rio, Guadalupe Nuevo Leon C.P. 67160 M\u00e9xico es responsable de recabar sus datos personales, del uso que se le d\u00e9 a los mismos y de su protecci\u00f3n.<\/p>\n<p>Su informaci\u00f3n personal ser\u00e1 utilizada para las siguientes finalidades: proveer los servicios y productos que ha solicitado; notificarle sobre nuevos servicios o productos que tengan relaci\u00f3n con los ya contratados o adquiridos; comunicarle sobre cambios en los mismos; elaborar estudios y programas que son necesarios para determinar h\u00e1bitos de consumo; realizar evaluaciones peri\u00f3dicas de nuestros productos y servicios a efecto de mejorar la calidad de los mismos; evaluar la calidad del servicio que brindamos, y en general, para dar cumplimiento a las obligaciones que hemos contra\u00eddo con usted.<\/p>\n<p>Para las finalidades antes mencionadas, requerimos obtener los siguientes datos personales:<br \/>\nNombre completo<br \/>\nTel\u00e9fono fijo y\/o celular<br \/>\nCorreo electr\u00f3nico<br \/>\nID de Facebook, Twitter y\/o Linkedin<br \/>\nDirecci\u00f3n<br \/>\nRFC y\/o CURP<\/p>\n<p>Es importante informarle que usted tiene derecho al Acceso, Rectificaci\u00f3n y Cancelaci\u00f3n de sus datos personales, a Oponerse al tratamiento de los mismos o a revocar el consentimiento que para dicho fin nos haya otorgado.<\/p>\n<p>Para ello, es necesario que env\u00ede la solicitud en los t\u00e9rminos que marca la Ley en su Art. 29 a Emmanuel Gutierrez Garcia, responsable de nuestro Departamento de Protecci\u00f3n de Datos Personales, ubicado en Itsmo 3353 Colonia Riberas del rio, Guadalupe, Nuevo Leon C.P. 67160 M\u00e9xico, o bien, se comunique al tel\u00e9fono (01 81 21 27 41 55 o v\u00eda correo electr\u00f3nico a emmanuel.gutierrez@dinamicafiscal.com, el cual solicitamos confirme v\u00eda telef\u00f3nica para garantizar su correcta recepci\u00f3n.<\/p>\n<p>En caso de que no desee de recibir mensajes promocionales de nuestra parte, puede enviarnos su solicitud por medio de la direcci\u00f3n electr\u00f3nica: emmanuel.gutierrez@dinamicafiscal.com<\/p>\n<p>Importante: Cualquier modificaci\u00f3n a este Aviso de Privacidad podr\u00e1 consultarlo en http:\/\/www.dinamicafiscal.com<br \/>\nFecha de \u00faltima actualizaci\u00f3n: 18\/11\/2014 | Protecci\u00f3n de Datos Personales<\/p>\n","protected":false},"excerpt":{"rendered":"<p>Aviso de Privacidad Con fundamento en los art\u00edculos 15 y 16 de la Ley Federal de Protecci\u00f3n de Datos Personales en Posesi\u00f3n de Particulares hacemos de su conocimiento que DINAMICA FISCAL Y ASESORIA EN SOFTWARE ESPECIALIZADO, S. DE R.L. con&hellip; <\/p>\n","protected":false},"author":1,"featured_media":0,"parent":0,"menu_order":9,"comment_status":"closed","ping_status":"closed","template":"","meta":{"footnotes":""},"class_list":["post-46","page","type-page","status-publish","hentry"],"_links":{"self":[{"href":"https:\/\/www.dinamicafiscal.com\/index.php?rest_route=\/wp\/v2\/pages\/46","targetHints":{"allow":["GET"]}}],"collection":[{"href":"https:\/\/www.dinamicafiscal.com\/index.php?rest_route=\/wp\/v2\/pages"}],"about":[{"href":"https:\/\/www.dinamicafiscal.com\/index.php?rest_route=\/wp\/v2\/types\/page"}],"author":[{"embeddable":true,"href":"https:\/\/www.dinamicafiscal.com\/index.php?rest_route=\/wp\/v2\/users\/1"}],"replies":[{"embeddable":true,"href":"https:\/\/www.dinamicafiscal.com\/index.php?rest_route=%2Fwp%2Fv2%2Fcomments&post=46"}],"version-history":[{"count":2,"href":"https:\/\/www.dinamicafiscal.com\/index.php?rest_route=\/wp\/v2\/pages\/46\/revisions"}],"predecessor-version":[{"id":51,"href":"https:\/\/www.dinamicafiscal.com\/index.php?rest_route=\/wp\/v2\/pages\/46\/revisions\/51"}],"wp:attachment":[{"href":"https:\/\/www.dinamicafiscal.com\/index.php?rest_route=%2Fwp%2Fv2%2Fmedia&parent=46"}],"curies":[{"name":"wp","href":"https:\/\/api.w.org\/{rel}","templated":true}]}}